{"id":473,"date":"2021-02-12T04:51:50","date_gmt":"2021-02-12T04:51:50","guid":{"rendered":"https:\/\/xpdla.com\/vistavirtual360\/index.php\/supervision-de-obras-360\/"},"modified":"2021-02-25T03:08:48","modified_gmt":"2021-02-25T03:08:48","slug":"supervision-de-obras-360","status":"publish","type":"page","link":"https:\/\/xpdla.com\/vistavirtual360\/supervision-de-obras-360\/","title":{"rendered":"Supervisi\u00f3n de obras 360"},"content":{"rendered":"\t\t<div data-elementor-type=\"wp-page\" data-elementor-id=\"473\" class=\"elementor elementor-473\" data-elementor-settings=\"[]\">\n\t\t\t\t\t\t\t<div class=\"elementor-section-wrap\">\n\t\t\t\t\t\t\t<section class=\"elementor-section elementor-top-section elementor-element elementor-element-b2ba4bd elementor-section-full_width elementor-section-height-min-height elementor-hidden-tablet elementor-hidden-phone elementor-section-height-default elementor-section-items-middle\" data-id=\"b2ba4bd\" data-element_type=\"section\" data-settings=\"{&quot;background_background&quot;:&quot;classic&quot;}\">\n\t\t\t\t\t\t\t<div class=\"elementor-background-overlay\"><\/div>\n\t\t\t\t\t\t\t<div class=\"elementor-container elementor-column-gap-no\">\n\t\t\t\t\t<div class=\"elementor-column elementor-col-100 elementor-top-column elementor-element elementor-element-4f7140d5\" data-id=\"4f7140d5\" data-element_type=\"column\">\n\t\t\t<div class=\"elementor-widget-wrap\">\n\t\t\t\t\t\t\t\t\t<\/div>\n\t\t<\/div>\n\t\t\t\t\t\t\t<\/div>\n\t\t<\/section>\n\t\t\t\t<section class=\"elementor-section elementor-top-section elementor-element elementor-element-7e3c72e6 elementor-section-content-middle elementor-section-height-min-height elementor-section-items-bottom elementor-section-boxed elementor-section-height-default\" data-id=\"7e3c72e6\" data-element_type=\"section\" data-settings=\"{&quot;background_background&quot;:&quot;classic&quot;}\">\n\t\t\t\t\t\t<div class=\"elementor-container elementor-column-gap-no\">\n\t\t\t\t\t<div class=\"elementor-column elementor-col-100 elementor-top-column elementor-element elementor-element-157528c6\" data-id=\"157528c6\" data-element_type=\"column\">\n\t\t\t<div class=\"elementor-widget-wrap elementor-element-populated\">\n\t\t\t\t\t\t\t\t<div class=\"elementor-element elementor-element-6fa46865 elementor-widget elementor-widget-heading\" data-id=\"6fa46865\" data-element_type=\"widget\" data-widget_type=\"heading.default\">\n\t\t\t\t<div class=\"elementor-widget-container\">\n\t\t\t<h4 class=\"elementor-heading-title elementor-size-default\">Nuestros proyectos de <br>Supervisi\u00f3n de obras 360 <\/h4>\t\t<\/div>\n\t\t\t\t<\/div>\n\t\t\t\t<div class=\"elementor-element elementor-element-34cb9895 elementor-widget elementor-widget-text-editor\" data-id=\"34cb9895\" data-element_type=\"widget\" data-widget_type=\"text-editor.default\">\n\t\t\t\t<div class=\"elementor-widget-container\">\n\t\t\t\t\t<div class=\"elementor-text-editor elementor-clearfix\"><p>Mediante la utilizaci\u00f3n de tecnologias 360 tendr\u00e1 acceso tanto a visualizar desde cualquier dispositivo los avances de sus obras, comparar avances seg\u00fan las fechas, mostrar a sus clientes los avances semanales de sus construcciones as\u00ed como realizar notas y observaciones a sus contratistas.<\/p><p>Desplazarse a las obras (m\u00e1s aun aquellas obras en lugares remotos o poco accesibles) requieren tener un seguimiento visual constante de todos los avances y pormenores de dichas obras.\u00a0 Usted puede tener un supervisor o un maestro pero con fotograf\u00edas de lugares espec\u00edficos no brinda un control claro ni sirve para mostrar a sus clientes los progresos logrados.<\/p><p>Con la herramienta de supervisi\u00f3n remota 360 tanto sus clientes como sus socios o proveedores tendr\u00e1n acceso a las condiciones de la edificaci\u00f3n, estos recorridos se pueden hacer ya sea semanal o con la constancia que requiera el cliente.<\/p><p>Con esta herramienta tambi\u00e9n podr\u00e1 hacer anotaciones a sus contratistas, sus clientes realizar cualquier acotaci\u00f3n y tomar medidas en tiempo real.<\/p><\/div>\n\t\t\t\t<\/div>\n\t\t\t\t<\/div>\n\t\t\t\t<div class=\"elementor-element elementor-element-3e5943e7 elementor-widget elementor-widget-text-editor\" data-id=\"3e5943e7\" data-element_type=\"widget\" data-widget_type=\"text-editor.default\">\n\t\t\t\t<div class=\"elementor-widget-container\">\n\t\t\t\t\t<div class=\"elementor-text-editor elementor-clearfix\">A partir de\u00a0 RD$:100.00 Por mt2\/Mensuales +Vi\u00e1ticos<\/div>\n\t\t\t\t<\/div>\n\t\t\t\t<\/div>\n\t\t\t\t<div class=\"elementor-element elementor-element-2859591c elementor-widget elementor-widget-text-editor\" data-id=\"2859591c\" data-element_type=\"widget\" data-widget_type=\"text-editor.default\">\n\t\t\t\t<div class=\"elementor-widget-container\">\n\t\t\t\t\t<div class=\"elementor-text-editor elementor-clearfix\"><p><i style=\"font-weight: inherit; letter-spacing: 0.2px;\"><b>Recomendaciones:<\/b><\/i><\/p><p>Mantener la obra lo m\u00e1s libre de interrupciones visuales posibles antes del tour virtual<\/p><p>Preferiblemente pautar horario donde no haya personal dentro de la obra<\/p><\/div>\n\t\t\t\t<\/div>\n\t\t\t\t<\/div>\n\t\t\t\t\t<\/div>\n\t\t<\/div>\n\t\t\t\t\t\t\t<\/div>\n\t\t<\/section>\n\t\t\t\t<section class=\"elementor-section elementor-top-section elementor-element elementor-element-4b1f2b29 elementor-section-height-min-height elementor-section-boxed elementor-section-height-default elementor-section-items-middle\" data-id=\"4b1f2b29\" data-element_type=\"section\" id=\"recorrido360comercial\" data-settings=\"{&quot;background_background&quot;:&quot;classic&quot;}\">\n\t\t\t\t\t\t<div class=\"elementor-container elementor-column-gap-no\">\n\t\t\t\t\t<div class=\"elementor-column elementor-col-50 elementor-top-column elementor-element elementor-element-ebffd1e\" data-id=\"ebffd1e\" data-element_type=\"column\" data-settings=\"{&quot;background_background&quot;:&quot;classic&quot;}\">\n\t\t\t<div class=\"elementor-widget-wrap elementor-element-populated\">\n\t\t\t\t\t<div class=\"elementor-background-overlay\"><\/div>\n\t\t\t\t\t\t\t\t<div class=\"elementor-element elementor-element-158ff0b1 elementor-widget elementor-widget-heading\" data-id=\"158ff0b1\" data-element_type=\"widget\" data-widget_type=\"heading.default\">\n\t\t\t\t<div class=\"elementor-widget-container\">\n\t\t\t<h4 class=\"elementor-heading-title elementor-size-default\">01<\/h4>\t\t<\/div>\n\t\t\t\t<\/div>\n\t\t\t\t<div class=\"elementor-element elementor-element-4b97c659 elementor-widget elementor-widget-heading\" data-id=\"4b97c659\" data-element_type=\"widget\" data-widget_type=\"heading.default\">\n\t\t\t\t<div class=\"elementor-widget-container\">\n\t\t\t<h4 class=\"elementor-heading-title elementor-size-default\">Supervisi\u00f3n de obras 360 <\/h4>\t\t<\/div>\n\t\t\t\t<\/div>\n\t\t\t\t<div class=\"elementor-element elementor-element-13b63f0d elementor-widget elementor-widget-text-editor\" data-id=\"13b63f0d\" data-element_type=\"widget\" data-widget_type=\"text-editor.default\">\n\t\t\t\t<div class=\"elementor-widget-container\">\n\t\t\t\t\t<div class=\"elementor-text-editor elementor-clearfix\"><p>Mediante la utilizaci\u00f3n de tecnologias 360 tendr\u00e1 acceso tanto a visualizar desde cualquier dispositivo los avances de sus obras, comparar avances seg\u00fan las fechas, mostrar a sus clientes los avances semanales de sus construcciones as\u00ed como realizar notas y observaciones a sus contratistas.<\/p><\/div>\n\t\t\t\t<\/div>\n\t\t\t\t<\/div>\n\t\t\t\t\t<\/div>\n\t\t<\/div>\n\t\t\t\t<div class=\"elementor-column elementor-col-50 elementor-top-column elementor-element elementor-element-5ec9ae58\" data-id=\"5ec9ae58\" data-element_type=\"column\">\n\t\t\t<div class=\"elementor-widget-wrap elementor-element-populated\">\n\t\t\t\t\t\t\t\t<div class=\"elementor-element elementor-element-507dd686 elementor-widget elementor-widget-html\" data-id=\"507dd686\" data-element_type=\"widget\" data-widget_type=\"html.default\">\n\t\t\t\t<div class=\"elementor-widget-container\">\n\t\t\t<iframe width=\"100%\" height=\"640\" style=\"width: 100%; height: 640px; border: none; max-width: 100%;\" frameborder=\"0\" allowfullscreen allow=\"xr-spatial-tracking; gyroscope; accelerometer\" scrolling=\"no\" src=\"https:\/\/kuula.co\/share\/collection\/7PH8Q?fs=1&vr=1&sd=1&thumbs=1&info=1&logo=0\"><\/iframe>\t\t<\/div>\n\t\t\t\t<\/div>\n\t\t\t\t\t<\/div>\n\t\t<\/div>\n\t\t\t\t\t\t\t<\/div>\n\t\t<\/section>\n\t\t\t\t\t\t<\/div>\n\t\t\t\t\t<\/div>\n\t\t","protected":false},"excerpt":{"rendered":"<p>Nuestros proyectos de Supervisi\u00f3n de obras 360 Mediante la utilizaci\u00f3n de tecnologias 360 tendr\u00e1 acceso tanto a visualizar desde cualquier dispositivo los avances de sus obras, comparar avances seg\u00fan las fechas, mostrar a sus clientes los avances semanales de sus construcciones as\u00ed como realizar notas y observaciones a sus contratistas. Desplazarse a las obras (m\u00e1s &hellip;<\/p>\n<p class=\"read-more\"> <a class=\"\" href=\"https:\/\/xpdla.com\/vistavirtual360\/supervision-de-obras-360\/\"> <span class=\"screen-reader-text\">Supervisi\u00f3n de obras 360<\/span> Read More &raquo;<\/a><\/p>\n","protected":false},"author":1,"featured_media":0,"parent":0,"menu_order":0,"comment_status":"closed","ping_status":"closed","template":"","meta":[],"_links":{"self":[{"href":"https:\/\/xpdla.com\/vistavirtual360\/wp-json\/wp\/v2\/pages\/473"}],"collection":[{"href":"https:\/\/xpdla.com\/vistavirtual360\/wp-json\/wp\/v2\/pages"}],"about":[{"href":"https:\/\/xpdla.com\/vistavirtual360\/wp-json\/wp\/v2\/types\/page"}],"author":[{"embeddable":true,"href":"https:\/\/xpdla.com\/vistavirtual360\/wp-json\/wp\/v2\/users\/1"}],"replies":[{"embeddable":true,"href":"https:\/\/xpdla.com\/vistavirtual360\/wp-json\/wp\/v2\/comments?post=473"}],"version-history":[{"count":3,"href":"https:\/\/xpdla.com\/vistavirtual360\/wp-json\/wp\/v2\/pages\/473\/revisions"}],"predecessor-version":[{"id":714,"href":"https:\/\/xpdla.com\/vistavirtual360\/wp-json\/wp\/v2\/pages\/473\/revisions\/714"}],"wp:attachment":[{"href":"https:\/\/xpdla.com\/vistavirtual360\/wp-json\/wp\/v2\/media?parent=473"}],"curies":[{"name":"wp","href":"https:\/\/api.w.org\/{rel}","templated":true}]}}