{"id":471,"date":"2021-02-12T04:51:24","date_gmt":"2021-02-12T04:51:24","guid":{"rendered":"https:\/\/xpdla.com\/vistavirtual360\/index.php\/virtual-staging-3d-360%e2%80%8b\/"},"modified":"2021-02-25T03:13:38","modified_gmt":"2021-02-25T03:13:38","slug":"virtual-staging-3d-360%e2%80%8b","status":"publish","type":"page","link":"https:\/\/xpdla.com\/vistavirtual360\/virtual-staging-3d-360%e2%80%8b\/","title":{"rendered":"Virtual staging 3D 360\u200b"},"content":{"rendered":"\t\t<div data-elementor-type=\"wp-page\" data-elementor-id=\"471\" class=\"elementor elementor-471\" data-elementor-settings=\"[]\">\n\t\t\t\t\t\t\t<div class=\"elementor-section-wrap\">\n\t\t\t\t\t\t\t<section class=\"elementor-section elementor-top-section elementor-element elementor-element-7ccb5b21 elementor-section-full_width elementor-section-height-min-height elementor-hidden-tablet elementor-hidden-phone elementor-section-height-default elementor-section-items-middle\" data-id=\"7ccb5b21\" data-element_type=\"section\" data-settings=\"{&quot;background_background&quot;:&quot;classic&quot;}\">\n\t\t\t\t\t\t\t<div class=\"elementor-background-overlay\"><\/div>\n\t\t\t\t\t\t\t<div class=\"elementor-container elementor-column-gap-no\">\n\t\t\t\t\t<div class=\"elementor-column elementor-col-100 elementor-top-column elementor-element elementor-element-19b95835\" data-id=\"19b95835\" data-element_type=\"column\">\n\t\t\t<div class=\"elementor-widget-wrap\">\n\t\t\t\t\t\t\t\t\t<\/div>\n\t\t<\/div>\n\t\t\t\t\t\t\t<\/div>\n\t\t<\/section>\n\t\t\t\t<section class=\"elementor-section elementor-top-section elementor-element elementor-element-24a638cf elementor-section-content-middle elementor-section-height-min-height elementor-section-items-bottom elementor-section-boxed elementor-section-height-default\" data-id=\"24a638cf\" data-element_type=\"section\" data-settings=\"{&quot;background_background&quot;:&quot;classic&quot;}\">\n\t\t\t\t\t\t<div class=\"elementor-container elementor-column-gap-no\">\n\t\t\t\t\t<div class=\"elementor-column elementor-col-100 elementor-top-column elementor-element elementor-element-f1b66c0\" data-id=\"f1b66c0\" data-element_type=\"column\">\n\t\t\t<div class=\"elementor-widget-wrap elementor-element-populated\">\n\t\t\t\t\t\t\t\t<div class=\"elementor-element elementor-element-e8b34e7 elementor-widget elementor-widget-heading\" data-id=\"e8b34e7\" data-element_type=\"widget\" data-widget_type=\"heading.default\">\n\t\t\t\t<div class=\"elementor-widget-container\">\n\t\t\t<h4 class=\"elementor-heading-title elementor-size-default\">Nuestros proyectos de <br>Virtual staging 3D 360\u200b <\/h4>\t\t<\/div>\n\t\t\t\t<\/div>\n\t\t\t\t<div class=\"elementor-element elementor-element-18d0d673 elementor-widget elementor-widget-text-editor\" data-id=\"18d0d673\" data-element_type=\"widget\" data-widget_type=\"text-editor.default\">\n\t\t\t\t<div class=\"elementor-widget-container\">\n\t\t\t\t\t<div class=\"elementor-text-editor elementor-clearfix\"><p>Construiste un residencial y no cuentas con apartamento modelo? O estas vendiendo una propiedad vac\u00eda y te gustar\u00eda vender m\u00e1s r\u00e1pido? El Virtual Staging es la nueva tendencia para aquellas propiedades vac\u00edas que suelen verse ins\u00edpidas para los compradores. Solo es necesario hacer el recorrido 360 grados con nuestros equipos especializados 360, luego montamos muebles fotorealistas en el espacio real y Voila!<\/p><\/div>\n\t\t\t\t<\/div>\n\t\t\t\t<\/div>\n\t\t\t\t<div class=\"elementor-element elementor-element-2c01168c elementor-widget elementor-widget-text-editor\" data-id=\"2c01168c\" data-element_type=\"widget\" data-widget_type=\"text-editor.default\">\n\t\t\t\t<div class=\"elementor-widget-container\">\n\t\t\t\t\t<div class=\"elementor-text-editor elementor-clearfix\"><p><b style=\"font-style: inherit; letter-spacing: 0.2px;\">A partir de RD$:990.00 por mts2 +Viaticos<\/b><\/p><\/div>\n\t\t\t\t<\/div>\n\t\t\t\t<\/div>\n\t\t\t\t\t<\/div>\n\t\t<\/div>\n\t\t\t\t\t\t\t<\/div>\n\t\t<\/section>\n\t\t\t\t<section class=\"elementor-section elementor-top-section elementor-element elementor-element-dc2e0b6 elementor-reverse-mobile elementor-reverse-tablet elementor-section-boxed elementor-section-height-default elementor-section-height-default\" data-id=\"dc2e0b6\" data-element_type=\"section\" id=\"recorrido360bienesraices\" data-settings=\"{&quot;background_background&quot;:&quot;classic&quot;}\">\n\t\t\t\t\t\t<div class=\"elementor-container elementor-column-gap-no\">\n\t\t\t\t\t<div class=\"elementor-column elementor-col-50 elementor-top-column elementor-element elementor-element-70670590\" data-id=\"70670590\" data-element_type=\"column\">\n\t\t\t<div class=\"elementor-widget-wrap elementor-element-populated\">\n\t\t\t\t\t\t\t\t<div class=\"elementor-element elementor-element-4d3bea26 elementor-widget elementor-widget-image\" data-id=\"4d3bea26\" data-element_type=\"widget\" data-widget_type=\"image.default\">\n\t\t\t\t<div class=\"elementor-widget-container\">\n\t\t\t\t\t<div class=\"elementor-image\">\n\t\t\t\t\t\t\t\t\t\t<img width=\"1024\" height=\"576\" src=\"https:\/\/xpdla.com\/vistavirtual360\/wp-content\/uploads\/2021\/02\/image-1-1024x576.png\" class=\"attachment-large size-large\" alt=\"\" loading=\"lazy\" srcset=\"https:\/\/xpdla.com\/vistavirtual360\/wp-content\/uploads\/2021\/02\/image-1-1024x576.png 1024w, https:\/\/xpdla.com\/vistavirtual360\/wp-content\/uploads\/2021\/02\/image-1-300x169.png 300w, https:\/\/xpdla.com\/vistavirtual360\/wp-content\/uploads\/2021\/02\/image-1-768x432.png 768w, https:\/\/xpdla.com\/vistavirtual360\/wp-content\/uploads\/2021\/02\/image-1.png 1280w\" sizes=\"(max-width: 1024px) 100vw, 1024px\" \/>\t\t\t\t\t\t\t\t\t\t\t<\/div>\n\t\t\t\t<\/div>\n\t\t\t\t<\/div>\n\t\t\t\t\t<\/div>\n\t\t<\/div>\n\t\t\t\t<div class=\"elementor-column elementor-col-50 elementor-top-column elementor-element elementor-element-1bd3f4fb\" data-id=\"1bd3f4fb\" data-element_type=\"column\" data-settings=\"{&quot;background_background&quot;:&quot;classic&quot;}\">\n\t\t\t<div class=\"elementor-widget-wrap elementor-element-populated\">\n\t\t\t\t\t<div class=\"elementor-background-overlay\"><\/div>\n\t\t\t\t\t\t\t\t<div class=\"elementor-element elementor-element-23ea2f0d elementor-widget elementor-widget-heading\" data-id=\"23ea2f0d\" data-element_type=\"widget\" data-widget_type=\"heading.default\">\n\t\t\t\t<div class=\"elementor-widget-container\">\n\t\t\t<h4 class=\"elementor-heading-title elementor-size-default\">01<\/h4>\t\t<\/div>\n\t\t\t\t<\/div>\n\t\t\t\t<div class=\"elementor-element elementor-element-64c8e602 elementor-widget elementor-widget-heading\" data-id=\"64c8e602\" data-element_type=\"widget\" data-widget_type=\"heading.default\">\n\t\t\t\t<div class=\"elementor-widget-container\">\n\t\t\t<h4 class=\"elementor-heading-title elementor-size-default\">Virtual \nstaging 3D 360\u200b<\/h4>\t\t<\/div>\n\t\t\t\t<\/div>\n\t\t\t\t<div class=\"elementor-element elementor-element-54fbaf0d elementor-widget elementor-widget-text-editor\" data-id=\"54fbaf0d\" data-element_type=\"widget\" data-widget_type=\"text-editor.default\">\n\t\t\t\t<div class=\"elementor-widget-container\">\n\t\t\t\t\t<div class=\"elementor-text-editor elementor-clearfix\"><p>Construiste un residencial y no cuentas con apartamento modelo? O estas vendiendo una propiedad vac\u00eda y te gustar\u00eda vender m\u00e1s r\u00e1pido? El Virtual Staging es la nueva tendencia para aquellas propiedades vac\u00edas que suelen verse ins\u00edpidas para los compradores. Solo es necesario hacer el recorrido 360 grados con nuestros equipos especializados 360, luego montamos muebles fotorealistas en el espacio real y Voila!<\/p><p><b>A partir de RD$:990.00 por mts2 +Viaticos<\/b><\/p><\/div>\n\t\t\t\t<\/div>\n\t\t\t\t<\/div>\n\t\t\t\t\t<\/div>\n\t\t<\/div>\n\t\t\t\t\t\t\t<\/div>\n\t\t<\/section>\n\t\t\t\t\t\t<\/div>\n\t\t\t\t\t<\/div>\n\t\t","protected":false},"excerpt":{"rendered":"<p>Nuestros proyectos de Virtual staging 3D 360\u200b Construiste un residencial y no cuentas con apartamento modelo? O estas vendiendo una propiedad vac\u00eda y te gustar\u00eda vender m\u00e1s r\u00e1pido? El Virtual Staging es la nueva tendencia para aquellas propiedades vac\u00edas que suelen verse ins\u00edpidas para los compradores. Solo es necesario hacer el recorrido 360 grados con &hellip;<\/p>\n<p class=\"read-more\"> <a class=\"\" href=\"https:\/\/xpdla.com\/vistavirtual360\/virtual-staging-3d-360%e2%80%8b\/\"> <span class=\"screen-reader-text\">Virtual staging 3D 360\u200b<\/span> Read More &raquo;<\/a><\/p>\n","protected":false},"author":1,"featured_media":0,"parent":0,"menu_order":0,"comment_status":"closed","ping_status":"closed","template":"","meta":[],"_links":{"self":[{"href":"https:\/\/xpdla.com\/vistavirtual360\/wp-json\/wp\/v2\/pages\/471"}],"collection":[{"href":"https:\/\/xpdla.com\/vistavirtual360\/wp-json\/wp\/v2\/pages"}],"about":[{"href":"https:\/\/xpdla.com\/vistavirtual360\/wp-json\/wp\/v2\/types\/page"}],"author":[{"embeddable":true,"href":"https:\/\/xpdla.com\/vistavirtual360\/wp-json\/wp\/v2\/users\/1"}],"replies":[{"embeddable":true,"href":"https:\/\/xpdla.com\/vistavirtual360\/wp-json\/wp\/v2\/comments?post=471"}],"version-history":[{"count":3,"href":"https:\/\/xpdla.com\/vistavirtual360\/wp-json\/wp\/v2\/pages\/471\/revisions"}],"predecessor-version":[{"id":724,"href":"https:\/\/xpdla.com\/vistavirtual360\/wp-json\/wp\/v2\/pages\/471\/revisions\/724"}],"wp:attachment":[{"href":"https:\/\/xpdla.com\/vistavirtual360\/wp-json\/wp\/v2\/media?parent=471"}],"curies":[{"name":"wp","href":"https:\/\/api.w.org\/{rel}","templated":true}]}}