{"id":468,"date":"2021-02-12T04:50:05","date_gmt":"2021-02-12T04:50:05","guid":{"rendered":"https:\/\/xpdla.com\/vistavirtual360\/index.php\/recorrido-360-bienes-raices%e2%80%8b\/"},"modified":"2021-02-25T03:13:14","modified_gmt":"2021-02-25T03:13:14","slug":"recorrido-360-bienes-raices%e2%80%8b","status":"publish","type":"page","link":"https:\/\/xpdla.com\/vistavirtual360\/recorrido-360-bienes-raices%e2%80%8b\/","title":{"rendered":"Recorrido 360 Bienes Raices\u200b"},"content":{"rendered":"\t\t<div data-elementor-type=\"wp-page\" data-elementor-id=\"468\" class=\"elementor elementor-468\" data-elementor-settings=\"[]\">\n\t\t\t\t\t\t\t<div class=\"elementor-section-wrap\">\n\t\t\t\t\t\t\t<section class=\"elementor-section elementor-top-section elementor-element elementor-element-4837ecf4 elementor-section-full_width elementor-section-height-min-height elementor-hidden-tablet elementor-hidden-phone elementor-section-height-default elementor-section-items-middle\" data-id=\"4837ecf4\" data-element_type=\"section\" data-settings=\"{&quot;background_background&quot;:&quot;classic&quot;}\">\n\t\t\t\t\t\t\t<div class=\"elementor-background-overlay\"><\/div>\n\t\t\t\t\t\t\t<div class=\"elementor-container elementor-column-gap-no\">\n\t\t\t\t\t<div class=\"elementor-column elementor-col-100 elementor-top-column elementor-element elementor-element-2a298374\" data-id=\"2a298374\" data-element_type=\"column\">\n\t\t\t<div class=\"elementor-widget-wrap\">\n\t\t\t\t\t\t\t\t\t<\/div>\n\t\t<\/div>\n\t\t\t\t\t\t\t<\/div>\n\t\t<\/section>\n\t\t\t\t<section class=\"elementor-section elementor-top-section elementor-element elementor-element-719bcdb4 elementor-section-content-middle elementor-section-height-min-height elementor-section-items-bottom elementor-section-boxed elementor-section-height-default\" data-id=\"719bcdb4\" data-element_type=\"section\" data-settings=\"{&quot;background_background&quot;:&quot;classic&quot;}\">\n\t\t\t\t\t\t<div class=\"elementor-container elementor-column-gap-no\">\n\t\t\t\t\t<div class=\"elementor-column elementor-col-100 elementor-top-column elementor-element elementor-element-3f071d51\" data-id=\"3f071d51\" data-element_type=\"column\">\n\t\t\t<div class=\"elementor-widget-wrap elementor-element-populated\">\n\t\t\t\t\t\t\t\t<div class=\"elementor-element elementor-element-7b50aa8f elementor-widget elementor-widget-heading\" data-id=\"7b50aa8f\" data-element_type=\"widget\" data-widget_type=\"heading.default\">\n\t\t\t\t<div class=\"elementor-widget-container\">\n\t\t\t<h4 class=\"elementor-heading-title elementor-size-default\">Nuestros proyectos de <br>Recorrido 360 Bienes Raices\u200b<\/h4>\t\t<\/div>\n\t\t\t\t<\/div>\n\t\t\t\t<div class=\"elementor-element elementor-element-308d10db elementor-widget elementor-widget-text-editor\" data-id=\"308d10db\" data-element_type=\"widget\" data-widget_type=\"text-editor.default\">\n\t\t\t\t<div class=\"elementor-widget-container\">\n\t\t\t\t\t<div class=\"elementor-text-editor elementor-clearfix\"><p style=\"text-align: left;\">Desea ahorrar tiempo y dinero en ventas inmobiliarias? Quiere mostrar 10 o 20 opciones al mismo cliente sin necesidad de desplazarse? Realice recorridos virtuales 360 grados de su propiedad y recorra las instalaciones con su cliente de manera remota.<\/p><p>\u00a0<span style=\"font-size: 15px; letter-spacing: 0.2px;\">Sabemos que antes de cualquier venta inmobiliaria le llenan el celular a sus prospectos de mil fotograf\u00edas que al final se confunden o no exponen de manera clara como esta distribuido un espacio. Con los recorridos inmobiliarios 360 hara que su cliente no tenga ninguna duda sobre el espacio f\u00edsico, no se le escapara ning\u00fan detalle y en esta puede integrarse desde fotograf\u00edas profesionales hasta hacer recorrido remoto simultaneo (tipo video llamada)<\/span><\/p><\/div>\n\t\t\t\t<\/div>\n\t\t\t\t<\/div>\n\t\t\t\t<section class=\"elementor-section elementor-inner-section elementor-element elementor-element-5d367f1f elementor-section-boxed elementor-section-height-default elementor-section-height-default\" data-id=\"5d367f1f\" data-element_type=\"section\">\n\t\t\t\t\t\t<div class=\"elementor-container elementor-column-gap-default\">\n\t\t\t\t\t<div class=\"elementor-column elementor-col-50 elementor-inner-column elementor-element elementor-element-2bca2853\" data-id=\"2bca2853\" data-element_type=\"column\">\n\t\t\t<div class=\"elementor-widget-wrap elementor-element-populated\">\n\t\t\t\t\t\t\t\t<div class=\"elementor-element elementor-element-5d4f6f94 elementor-view-default elementor-widget elementor-widget-icon\" data-id=\"5d4f6f94\" data-element_type=\"widget\" data-widget_type=\"icon.default\">\n\t\t\t\t<div class=\"elementor-widget-container\">\n\t\t\t\t\t<div class=\"elementor-icon-wrapper\">\n\t\t\t<div class=\"elementor-icon\">\n\t\t\t<i aria-hidden=\"true\" class=\"fas fa-vr-cardboard\"><\/i>\t\t\t<\/div>\n\t\t<\/div>\n\t\t\t\t<\/div>\n\t\t\t\t<\/div>\n\t\t\t\t<div class=\"elementor-element elementor-element-358ed32d elementor-widget elementor-widget-text-editor\" data-id=\"358ed32d\" data-element_type=\"widget\" data-widget_type=\"text-editor.default\">\n\t\t\t\t<div class=\"elementor-widget-container\">\n\t\t\t\t\t<div class=\"elementor-text-editor elementor-clearfix\"><p>Muestre a sus posibles inquilinos o compradores sus distintas propiedades a solo un clic de distancia.<\/p><\/div>\n\t\t\t\t<\/div>\n\t\t\t\t<\/div>\n\t\t\t\t\t<\/div>\n\t\t<\/div>\n\t\t\t\t<div class=\"elementor-column elementor-col-50 elementor-inner-column elementor-element elementor-element-50091310\" data-id=\"50091310\" data-element_type=\"column\">\n\t\t\t<div class=\"elementor-widget-wrap elementor-element-populated\">\n\t\t\t\t\t\t\t\t<div class=\"elementor-element elementor-element-181d122 elementor-view-default elementor-widget elementor-widget-icon\" data-id=\"181d122\" data-element_type=\"widget\" data-widget_type=\"icon.default\">\n\t\t\t\t<div class=\"elementor-widget-container\">\n\t\t\t\t\t<div class=\"elementor-icon-wrapper\">\n\t\t\t<div class=\"elementor-icon\">\n\t\t\t<i aria-hidden=\"true\" class=\"fas fa-photo-video\"><\/i>\t\t\t<\/div>\n\t\t<\/div>\n\t\t\t\t<\/div>\n\t\t\t\t<\/div>\n\t\t\t\t<div class=\"elementor-element elementor-element-b07d96 elementor-widget elementor-widget-text-editor\" data-id=\"b07d96\" data-element_type=\"widget\" data-widget_type=\"text-editor.default\">\n\t\t\t\t<div class=\"elementor-widget-container\">\n\t\t\t\t\t<div class=\"elementor-text-editor elementor-clearfix\"><p>Podr\u00e1 mostrar fotos profesionales interiores, amenidades cercanas a la propiedad etc.<\/p><\/div>\n\t\t\t\t<\/div>\n\t\t\t\t<\/div>\n\t\t\t\t\t<\/div>\n\t\t<\/div>\n\t\t\t\t\t\t\t<\/div>\n\t\t<\/section>\n\t\t\t\t<section class=\"elementor-section elementor-inner-section elementor-element elementor-element-25aa55f4 elementor-section-boxed elementor-section-height-default elementor-section-height-default\" data-id=\"25aa55f4\" data-element_type=\"section\">\n\t\t\t\t\t\t<div class=\"elementor-container elementor-column-gap-default\">\n\t\t\t\t\t<div class=\"elementor-column elementor-col-50 elementor-inner-column elementor-element elementor-element-48407f3\" data-id=\"48407f3\" data-element_type=\"column\">\n\t\t\t<div class=\"elementor-widget-wrap elementor-element-populated\">\n\t\t\t\t\t\t\t\t<div class=\"elementor-element elementor-element-3cd71c5a elementor-view-default elementor-widget elementor-widget-icon\" data-id=\"3cd71c5a\" data-element_type=\"widget\" data-widget_type=\"icon.default\">\n\t\t\t\t<div class=\"elementor-widget-container\">\n\t\t\t\t\t<div class=\"elementor-icon-wrapper\">\n\t\t\t<div class=\"elementor-icon\">\n\t\t\t<i aria-hidden=\"true\" class=\"far fa-clone\"><\/i>\t\t\t<\/div>\n\t\t<\/div>\n\t\t\t\t<\/div>\n\t\t\t\t<\/div>\n\t\t\t\t<div class=\"elementor-element elementor-element-3fdd0938 elementor-widget elementor-widget-text-editor\" data-id=\"3fdd0938\" data-element_type=\"widget\" data-widget_type=\"text-editor.default\">\n\t\t\t\t<div class=\"elementor-widget-container\">\n\t\t\t\t\t<div class=\"elementor-text-editor elementor-clearfix\"><p>Si la edificaci\u00f3n esta vac\u00eda podemos amueblarlo para usted mediante video staging.<\/p><\/div>\n\t\t\t\t<\/div>\n\t\t\t\t<\/div>\n\t\t\t\t\t<\/div>\n\t\t<\/div>\n\t\t\t\t<div class=\"elementor-column elementor-col-50 elementor-inner-column elementor-element elementor-element-7d22d46c\" data-id=\"7d22d46c\" data-element_type=\"column\">\n\t\t\t<div class=\"elementor-widget-wrap elementor-element-populated\">\n\t\t\t\t\t\t\t\t<div class=\"elementor-element elementor-element-779703f5 elementor-view-default elementor-widget elementor-widget-icon\" data-id=\"779703f5\" data-element_type=\"widget\" data-widget_type=\"icon.default\">\n\t\t\t\t<div class=\"elementor-widget-container\">\n\t\t\t\t\t<div class=\"elementor-icon-wrapper\">\n\t\t\t<div class=\"elementor-icon\">\n\t\t\t<i aria-hidden=\"true\" class=\"fab fa-airbnb\"><\/i>\t\t\t<\/div>\n\t\t<\/div>\n\t\t\t\t<\/div>\n\t\t\t\t<\/div>\n\t\t\t\t<div class=\"elementor-element elementor-element-3d18feb5 elementor-widget elementor-widget-text-editor\" data-id=\"3d18feb5\" data-element_type=\"widget\" data-widget_type=\"text-editor.default\">\n\t\t\t\t<div class=\"elementor-widget-container\">\n\t\t\t\t\t<div class=\"elementor-text-editor elementor-clearfix\"><p>Integraci\u00f3n en plataformas de alquiler como Airbnb.<\/p><\/div>\n\t\t\t\t<\/div>\n\t\t\t\t<\/div>\n\t\t\t\t\t<\/div>\n\t\t<\/div>\n\t\t\t\t\t\t\t<\/div>\n\t\t<\/section>\n\t\t\t\t<div class=\"elementor-element elementor-element-7a35c941 elementor-widget elementor-widget-text-editor\" data-id=\"7a35c941\" data-element_type=\"widget\" data-widget_type=\"text-editor.default\">\n\t\t\t\t<div class=\"elementor-widget-container\">\n\t\t\t\t\t<div class=\"elementor-text-editor elementor-clearfix\"><p>A partir de RD$:45.00 por mts2 +Viaticos<\/p><\/div>\n\t\t\t\t<\/div>\n\t\t\t\t<\/div>\n\t\t\t\t\t<\/div>\n\t\t<\/div>\n\t\t\t\t\t\t\t<\/div>\n\t\t<\/section>\n\t\t\t\t<section class=\"elementor-section elementor-top-section elementor-element elementor-element-6775ffa elementor-reverse-mobile elementor-reverse-tablet elementor-section-boxed elementor-section-height-default elementor-section-height-default\" data-id=\"6775ffa\" data-element_type=\"section\" id=\"recorrido360bienesraices\" data-settings=\"{&quot;background_background&quot;:&quot;classic&quot;}\">\n\t\t\t\t\t\t<div class=\"elementor-container elementor-column-gap-no\">\n\t\t\t\t\t<div class=\"elementor-column elementor-col-50 elementor-top-column elementor-element elementor-element-7200b0a\" data-id=\"7200b0a\" data-element_type=\"column\">\n\t\t\t<div class=\"elementor-widget-wrap elementor-element-populated\">\n\t\t\t\t\t\t\t\t<div class=\"elementor-element elementor-element-bf61cf5 elementor-widget elementor-widget-html\" data-id=\"bf61cf5\" data-element_type=\"widget\" data-widget_type=\"html.default\">\n\t\t\t\t<div class=\"elementor-widget-container\">\n\t\t\t<iframe width=\"100%\" height=\"640\" style=\"width: 100%; height: 640px; border: none; max-width: 100%;\" frameborder=\"0\" allowfullscreen allow=\"xr-spatial-tracking; gyroscope; accelerometer\" scrolling=\"no\" src=\"https:\/\/kuula.co\/share\/collection\/7lshj?fs=1&vr=0&sd=1&gyro=0&initload=0&thumbs=1&info=1&logo=1\"><\/iframe>\t\t<\/div>\n\t\t\t\t<\/div>\n\t\t\t\t\t<\/div>\n\t\t<\/div>\n\t\t\t\t<div class=\"elementor-column elementor-col-50 elementor-top-column elementor-element elementor-element-788585e6\" data-id=\"788585e6\" data-element_type=\"column\" data-settings=\"{&quot;background_background&quot;:&quot;classic&quot;}\">\n\t\t\t<div class=\"elementor-widget-wrap elementor-element-populated\">\n\t\t\t\t\t<div class=\"elementor-background-overlay\"><\/div>\n\t\t\t\t\t\t\t\t<div class=\"elementor-element elementor-element-5d4182e4 elementor-widget elementor-widget-heading\" data-id=\"5d4182e4\" data-element_type=\"widget\" data-widget_type=\"heading.default\">\n\t\t\t\t<div class=\"elementor-widget-container\">\n\t\t\t<h4 class=\"elementor-heading-title elementor-size-default\">01<\/h4>\t\t<\/div>\n\t\t\t\t<\/div>\n\t\t\t\t<div class=\"elementor-element elementor-element-749dae8c elementor-widget elementor-widget-heading\" data-id=\"749dae8c\" data-element_type=\"widget\" data-widget_type=\"heading.default\">\n\t\t\t\t<div class=\"elementor-widget-container\">\n\t\t\t<h4 class=\"elementor-heading-title elementor-size-default\">Recorrido 360 Bienes Raices<\/h4>\t\t<\/div>\n\t\t\t\t<\/div>\n\t\t\t\t<div class=\"elementor-element elementor-element-bf6cd28 elementor-widget elementor-widget-text-editor\" data-id=\"bf6cd28\" data-element_type=\"widget\" data-widget_type=\"text-editor.default\">\n\t\t\t\t<div class=\"elementor-widget-container\">\n\t\t\t\t\t<div class=\"elementor-text-editor elementor-clearfix\"><p>Con los recorridos inmobiliarios 360 hara que su cliente no tenga ninguna duda sobre el espacio f\u00edsico, no se le escapara ning\u00fan detalle y en esta puede integrarse desde fotograf\u00edas profesionales hasta hacer recorrido remoto simultaneo (tipo video llamada)<\/p><ul><li>Podr\u00e1 mostrar fotos profesionales interiores, amenidades cercanas a la propiedad etc.<\/li><li>Integraci\u00f3n en plataformas de alquiler como Airbnb.<\/li><\/ul><p><br \/><strong>A partir de RD$:45.00 por mts2 +Viaticos<\/strong><\/p><\/div>\n\t\t\t\t<\/div>\n\t\t\t\t<\/div>\n\t\t\t\t\t<\/div>\n\t\t<\/div>\n\t\t\t\t\t\t\t<\/div>\n\t\t<\/section>\n\t\t\t\t\t\t<\/div>\n\t\t\t\t\t<\/div>\n\t\t","protected":false},"excerpt":{"rendered":"<p>Nuestros proyectos de Recorrido 360 Bienes Raices\u200b Desea ahorrar tiempo y dinero en ventas inmobiliarias? Quiere mostrar 10 o 20 opciones al mismo cliente sin necesidad de desplazarse? Realice recorridos virtuales 360 grados de su propiedad y recorra las instalaciones con su cliente de manera remota. \u00a0Sabemos que antes de cualquier venta inmobiliaria le llenan &hellip;<\/p>\n<p class=\"read-more\"> <a class=\"\" href=\"https:\/\/xpdla.com\/vistavirtual360\/recorrido-360-bienes-raices%e2%80%8b\/\"> <span class=\"screen-reader-text\">Recorrido 360 Bienes Raices\u200b<\/span> Read More &raquo;<\/a><\/p>\n","protected":false},"author":1,"featured_media":0,"parent":0,"menu_order":0,"comment_status":"closed","ping_status":"closed","template":"","meta":[],"_links":{"self":[{"href":"https:\/\/xpdla.com\/vistavirtual360\/wp-json\/wp\/v2\/pages\/468"}],"collection":[{"href":"https:\/\/xpdla.com\/vistavirtual360\/wp-json\/wp\/v2\/pages"}],"about":[{"href":"https:\/\/xpdla.com\/vistavirtual360\/wp-json\/wp\/v2\/types\/page"}],"author":[{"embeddable":true,"href":"https:\/\/xpdla.com\/vistavirtual360\/wp-json\/wp\/v2\/users\/1"}],"replies":[{"embeddable":true,"href":"https:\/\/xpdla.com\/vistavirtual360\/wp-json\/wp\/v2\/comments?post=468"}],"version-history":[{"count":4,"href":"https:\/\/xpdla.com\/vistavirtual360\/wp-json\/wp\/v2\/pages\/468\/revisions"}],"predecessor-version":[{"id":720,"href":"https:\/\/xpdla.com\/vistavirtual360\/wp-json\/wp\/v2\/pages\/468\/revisions\/720"}],"wp:attachment":[{"href":"https:\/\/xpdla.com\/vistavirtual360\/wp-json\/wp\/v2\/media?parent=468"}],"curies":[{"name":"wp","href":"https:\/\/api.w.org\/{rel}","templated":true}]}}