{"id":448,"date":"2021-02-12T04:39:13","date_gmt":"2021-02-12T04:39:13","guid":{"rendered":"https:\/\/xpdla.com\/vistavirtual360\/index.php\/recorrido-360-comercial\/"},"modified":"2021-02-25T03:08:05","modified_gmt":"2021-02-25T03:08:05","slug":"recorrido-360-comercial","status":"publish","type":"page","link":"https:\/\/xpdla.com\/vistavirtual360\/recorrido-360-comercial\/","title":{"rendered":"Recorrido 360 comercial"},"content":{"rendered":"\t\t<div data-elementor-type=\"wp-page\" data-elementor-id=\"448\" class=\"elementor elementor-448\" data-elementor-settings=\"[]\">\n\t\t\t\t\t\t\t<div class=\"elementor-section-wrap\">\n\t\t\t\t\t\t\t<section class=\"elementor-section elementor-top-section elementor-element elementor-element-46245706 elementor-section-full_width elementor-section-height-min-height elementor-hidden-tablet elementor-hidden-phone elementor-section-height-default elementor-section-items-middle\" data-id=\"46245706\" data-element_type=\"section\" data-settings=\"{&quot;background_background&quot;:&quot;classic&quot;}\">\n\t\t\t\t\t\t\t<div class=\"elementor-background-overlay\"><\/div>\n\t\t\t\t\t\t\t<div class=\"elementor-container elementor-column-gap-no\">\n\t\t\t\t\t<div class=\"elementor-column elementor-col-100 elementor-top-column elementor-element elementor-element-1d086bfd\" data-id=\"1d086bfd\" data-element_type=\"column\">\n\t\t\t<div class=\"elementor-widget-wrap\">\n\t\t\t\t\t\t\t\t\t<\/div>\n\t\t<\/div>\n\t\t\t\t\t\t\t<\/div>\n\t\t<\/section>\n\t\t\t\t<section class=\"elementor-section elementor-top-section elementor-element elementor-element-ff20665 elementor-section-content-middle elementor-section-height-min-height elementor-section-items-bottom elementor-section-boxed elementor-section-height-default\" data-id=\"ff20665\" data-element_type=\"section\" data-settings=\"{&quot;background_background&quot;:&quot;classic&quot;}\">\n\t\t\t\t\t\t<div class=\"elementor-container elementor-column-gap-no\">\n\t\t\t\t\t<div class=\"elementor-column elementor-col-100 elementor-top-column elementor-element elementor-element-289ed439\" data-id=\"289ed439\" data-element_type=\"column\">\n\t\t\t<div class=\"elementor-widget-wrap elementor-element-populated\">\n\t\t\t\t\t\t\t\t<div class=\"elementor-element elementor-element-5885eec1 elementor-widget elementor-widget-heading\" data-id=\"5885eec1\" data-element_type=\"widget\" data-widget_type=\"heading.default\">\n\t\t\t\t<div class=\"elementor-widget-container\">\n\t\t\t<h4 class=\"elementor-heading-title elementor-size-default\">Nuestros proyectos de <br>Recorrido 360\u00b0 Comercial<\/h4>\t\t<\/div>\n\t\t\t\t<\/div>\n\t\t\t\t<div class=\"elementor-element elementor-element-33e90538 elementor-widget elementor-widget-text-editor\" data-id=\"33e90538\" data-element_type=\"widget\" data-widget_type=\"text-editor.default\">\n\t\t\t\t<div class=\"elementor-widget-container\">\n\t\t\t\t\t<div class=\"elementor-text-editor elementor-clearfix\"><p>Los nuevos tiempos han hecho que los clientes se hagan m\u00e1s exigentes. Muestre a sus clientes o prospectos de clientes sus instalaciones f\u00edsicas, esto ayuda a posicionarse frente a la competencia tanto en la web (por navegaci\u00f3n), como en experiencias a sus clientes.<\/p><ul><li>Sus clientes experimentaran sus espacios de una manera inmersiva 360 desde su dispositivo m\u00f3vil.<\/li><li>Mejora de su posicionamiento en internet (SEO).<\/li><li>Integraci\u00f3n de botones a sus redes sociales, men\u00fas, foto de platos o tragos, productos etc.<\/li><\/ul><\/div>\n\t\t\t\t<\/div>\n\t\t\t\t<\/div>\n\t\t\t\t<section class=\"elementor-section elementor-inner-section elementor-element elementor-element-7fdf7fb0 elementor-section-boxed elementor-section-height-default elementor-section-height-default\" data-id=\"7fdf7fb0\" data-element_type=\"section\">\n\t\t\t\t\t\t<div class=\"elementor-container elementor-column-gap-default\">\n\t\t\t\t\t<div class=\"elementor-column elementor-col-33 elementor-inner-column elementor-element elementor-element-600ce4b\" data-id=\"600ce4b\" data-element_type=\"column\">\n\t\t\t<div class=\"elementor-widget-wrap elementor-element-populated\">\n\t\t\t\t\t\t\t\t<div class=\"elementor-element elementor-element-4bdfa0ec elementor-view-default elementor-widget elementor-widget-icon\" data-id=\"4bdfa0ec\" data-element_type=\"widget\" data-widget_type=\"icon.default\">\n\t\t\t\t<div class=\"elementor-widget-container\">\n\t\t\t\t\t<div class=\"elementor-icon-wrapper\">\n\t\t\t<div class=\"elementor-icon\">\n\t\t\t<i aria-hidden=\"true\" class=\"fas fa-vr-cardboard\"><\/i>\t\t\t<\/div>\n\t\t<\/div>\n\t\t\t\t<\/div>\n\t\t\t\t<\/div>\n\t\t\t\t<div class=\"elementor-element elementor-element-3655c30 elementor-widget elementor-widget-text-editor\" data-id=\"3655c30\" data-element_type=\"widget\" data-widget_type=\"text-editor.default\">\n\t\t\t\t<div class=\"elementor-widget-container\">\n\t\t\t\t\t<div class=\"elementor-text-editor elementor-clearfix\"><p>Sus clientes experimentaran sus espacios de una manera inmersiva 360 desde su dispositivo m\u00f3vil.<\/p><\/div>\n\t\t\t\t<\/div>\n\t\t\t\t<\/div>\n\t\t\t\t\t<\/div>\n\t\t<\/div>\n\t\t\t\t<div class=\"elementor-column elementor-col-33 elementor-inner-column elementor-element elementor-element-596fbd82\" data-id=\"596fbd82\" data-element_type=\"column\">\n\t\t\t<div class=\"elementor-widget-wrap elementor-element-populated\">\n\t\t\t\t\t\t\t\t<div class=\"elementor-element elementor-element-7704442a elementor-view-default elementor-widget elementor-widget-icon\" data-id=\"7704442a\" data-element_type=\"widget\" data-widget_type=\"icon.default\">\n\t\t\t\t<div class=\"elementor-widget-container\">\n\t\t\t\t\t<div class=\"elementor-icon-wrapper\">\n\t\t\t<div class=\"elementor-icon\">\n\t\t\t<i aria-hidden=\"true\" class=\"fas fa-chart-line\"><\/i>\t\t\t<\/div>\n\t\t<\/div>\n\t\t\t\t<\/div>\n\t\t\t\t<\/div>\n\t\t\t\t<div class=\"elementor-element elementor-element-7464919f elementor-widget elementor-widget-text-editor\" data-id=\"7464919f\" data-element_type=\"widget\" data-widget_type=\"text-editor.default\">\n\t\t\t\t<div class=\"elementor-widget-container\">\n\t\t\t\t\t<div class=\"elementor-text-editor elementor-clearfix\"><p>Mejora de su posicionamiento en internet (SEO).<\/p><\/div>\n\t\t\t\t<\/div>\n\t\t\t\t<\/div>\n\t\t\t\t\t<\/div>\n\t\t<\/div>\n\t\t\t\t<div class=\"elementor-column elementor-col-33 elementor-inner-column elementor-element elementor-element-10ed2af2\" data-id=\"10ed2af2\" data-element_type=\"column\">\n\t\t\t<div class=\"elementor-widget-wrap elementor-element-populated\">\n\t\t\t\t\t\t\t\t<div class=\"elementor-element elementor-element-29c6a926 elementor-view-default elementor-widget elementor-widget-icon\" data-id=\"29c6a926\" data-element_type=\"widget\" data-widget_type=\"icon.default\">\n\t\t\t\t<div class=\"elementor-widget-container\">\n\t\t\t\t\t<div class=\"elementor-icon-wrapper\">\n\t\t\t<div class=\"elementor-icon\">\n\t\t\t<i aria-hidden=\"true\" class=\"fas fa-share-alt\"><\/i>\t\t\t<\/div>\n\t\t<\/div>\n\t\t\t\t<\/div>\n\t\t\t\t<\/div>\n\t\t\t\t<div class=\"elementor-element elementor-element-6d3a84e2 elementor-widget elementor-widget-text-editor\" data-id=\"6d3a84e2\" data-element_type=\"widget\" data-widget_type=\"text-editor.default\">\n\t\t\t\t<div class=\"elementor-widget-container\">\n\t\t\t\t\t<div class=\"elementor-text-editor elementor-clearfix\"><p>Integraci\u00f3n de botones a sus redes sociales, men\u00fas, foto de platos o tragos, productos etc.<\/p><\/div>\n\t\t\t\t<\/div>\n\t\t\t\t<\/div>\n\t\t\t\t\t<\/div>\n\t\t<\/div>\n\t\t\t\t\t\t\t<\/div>\n\t\t<\/section>\n\t\t\t\t<div class=\"elementor-element elementor-element-2f51dff9 elementor-widget elementor-widget-text-editor\" data-id=\"2f51dff9\" data-element_type=\"widget\" data-widget_type=\"text-editor.default\">\n\t\t\t\t<div class=\"elementor-widget-container\">\n\t\t\t\t\t<div class=\"elementor-text-editor elementor-clearfix\"><p><b>A partir de RD$:45.00 por mts2 +Viaticos<\/b><\/p><p><b>Anualidad para servidor a partir de USD50.00 (Incluye actualizaciones al recorrido virtual y mantenimiento)<\/b><\/p><\/div>\n\t\t\t\t<\/div>\n\t\t\t\t<\/div>\n\t\t\t\t<div class=\"elementor-element elementor-element-6f09f9be elementor-widget elementor-widget-text-editor\" data-id=\"6f09f9be\" data-element_type=\"widget\" data-widget_type=\"text-editor.default\">\n\t\t\t\t<div class=\"elementor-widget-container\">\n\t\t\t\t\t<div class=\"elementor-text-editor elementor-clearfix\"><p><span style=\"font-size: 15px; letter-spacing: 0.2px;\">Nota: Un estudio de google establece que aquellos negocios que tengan tours virtuales tienen muchas m\u00e1s altas probabilidades de recibir nuevas visitas.<\/span><\/p><p><b style=\"font-style: inherit; letter-spacing: 0.2px;\">Recomendaciones:<\/b><\/p>\n<p>Mantener la obra lo m\u00e1s libre de interrupciones visuales posibles antes del tour virtual<\/p>\n<p><span style=\"font-size: 15px; letter-spacing: 0.2px;\">Preferiblemente pautar horario donde no haya personal dentro de la obra<\/span><\/p><\/div>\n\t\t\t\t<\/div>\n\t\t\t\t<\/div>\n\t\t\t\t\t<\/div>\n\t\t<\/div>\n\t\t\t\t\t\t\t<\/div>\n\t\t<\/section>\n\t\t\t\t<section class=\"elementor-section elementor-top-section elementor-element elementor-element-6cf4cf2 elementor-section-height-min-height elementor-section-boxed elementor-section-height-default elementor-section-items-middle\" data-id=\"6cf4cf2\" data-element_type=\"section\" id=\"recorrido360comercial\" data-settings=\"{&quot;background_background&quot;:&quot;classic&quot;}\">\n\t\t\t\t\t\t<div class=\"elementor-container elementor-column-gap-no\">\n\t\t\t\t\t<div class=\"elementor-column elementor-col-50 elementor-top-column elementor-element elementor-element-77d0c55c\" data-id=\"77d0c55c\" data-element_type=\"column\" data-settings=\"{&quot;background_background&quot;:&quot;classic&quot;}\">\n\t\t\t<div class=\"elementor-widget-wrap elementor-element-populated\">\n\t\t\t\t\t<div class=\"elementor-background-overlay\"><\/div>\n\t\t\t\t\t\t\t\t<div class=\"elementor-element elementor-element-6e867e22 elementor-widget elementor-widget-heading\" data-id=\"6e867e22\" data-element_type=\"widget\" data-widget_type=\"heading.default\">\n\t\t\t\t<div class=\"elementor-widget-container\">\n\t\t\t<h4 class=\"elementor-heading-title elementor-size-default\">01<\/h4>\t\t<\/div>\n\t\t\t\t<\/div>\n\t\t\t\t<div class=\"elementor-element elementor-element-541ddb76 elementor-widget elementor-widget-heading\" data-id=\"541ddb76\" data-element_type=\"widget\" data-widget_type=\"heading.default\">\n\t\t\t\t<div class=\"elementor-widget-container\">\n\t\t\t<h4 class=\"elementor-heading-title elementor-size-default\">Recorrido comercial 360<\/h4>\t\t<\/div>\n\t\t\t\t<\/div>\n\t\t\t\t<div class=\"elementor-element elementor-element-682a5260 elementor-widget elementor-widget-text-editor\" data-id=\"682a5260\" data-element_type=\"widget\" data-widget_type=\"text-editor.default\">\n\t\t\t\t<div class=\"elementor-widget-container\">\n\t\t\t\t\t<div class=\"elementor-text-editor elementor-clearfix\"><p>Actualice su negocio y haga que sus clientes puedan experimentar las instalaciones de su negocio en 360 grados desde su dispositivo movil, esta nueva tendencia es la que ha logrado que negocios nuevos logren posicionarse y aumentar sus visitas.<\/p><p>\u00a0<\/p><\/div>\n\t\t\t\t<\/div>\n\t\t\t\t<\/div>\n\t\t\t\t\t<\/div>\n\t\t<\/div>\n\t\t\t\t<div class=\"elementor-column elementor-col-50 elementor-top-column elementor-element elementor-element-3509a46\" data-id=\"3509a46\" data-element_type=\"column\">\n\t\t\t<div class=\"elementor-widget-wrap elementor-element-populated\">\n\t\t\t\t\t\t\t\t<div class=\"elementor-element elementor-element-5a325172 elementor-widget elementor-widget-html\" data-id=\"5a325172\" data-element_type=\"widget\" data-widget_type=\"html.default\">\n\t\t\t\t<div class=\"elementor-widget-container\">\n\t\t\t<iframe width=\"100%\" height=\"640\" style=\"width: 100%; height: 640px; border: none; max-width: 100%;\" frameborder=\"0\" allowfullscreen allow=\"xr-spatial-tracking; gyroscope; accelerometer\" scrolling=\"no\" src=\"https:\/\/kuula.co\/share\/collection\/7PTjj?fs=1&vr=1&sd=1&thumbs=1&info=1&logo=0\"><\/iframe>\t\t<\/div>\n\t\t\t\t<\/div>\n\t\t\t\t\t<\/div>\n\t\t<\/div>\n\t\t\t\t\t\t\t<\/div>\n\t\t<\/section>\n\t\t\t\t\t\t<\/div>\n\t\t\t\t\t<\/div>\n\t\t","protected":false},"excerpt":{"rendered":"<p>Nuestros proyectos de Recorrido 360\u00b0 Comercial Los nuevos tiempos han hecho que los clientes se hagan m\u00e1s exigentes. Muestre a sus clientes o prospectos de clientes sus instalaciones f\u00edsicas, esto ayuda a posicionarse frente a la competencia tanto en la web (por navegaci\u00f3n), como en experiencias a sus clientes. Sus clientes experimentaran sus espacios de &hellip;<\/p>\n<p class=\"read-more\"> <a class=\"\" href=\"https:\/\/xpdla.com\/vistavirtual360\/recorrido-360-comercial\/\"> <span class=\"screen-reader-text\">Recorrido 360 comercial<\/span> Read More &raquo;<\/a><\/p>\n","protected":false},"author":1,"featured_media":0,"parent":0,"menu_order":0,"comment_status":"closed","ping_status":"closed","template":"","meta":[],"_links":{"self":[{"href":"https:\/\/xpdla.com\/vistavirtual360\/wp-json\/wp\/v2\/pages\/448"}],"collection":[{"href":"https:\/\/xpdla.com\/vistavirtual360\/wp-json\/wp\/v2\/pages"}],"about":[{"href":"https:\/\/xpdla.com\/vistavirtual360\/wp-json\/wp\/v2\/types\/page"}],"author":[{"embeddable":true,"href":"https:\/\/xpdla.com\/vistavirtual360\/wp-json\/wp\/v2\/users\/1"}],"replies":[{"embeddable":true,"href":"https:\/\/xpdla.com\/vistavirtual360\/wp-json\/wp\/v2\/comments?post=448"}],"version-history":[{"count":3,"href":"https:\/\/xpdla.com\/vistavirtual360\/wp-json\/wp\/v2\/pages\/448\/revisions"}],"predecessor-version":[{"id":710,"href":"https:\/\/xpdla.com\/vistavirtual360\/wp-json\/wp\/v2\/pages\/448\/revisions\/710"}],"wp:attachment":[{"href":"https:\/\/xpdla.com\/vistavirtual360\/wp-json\/wp\/v2\/media?parent=448"}],"curies":[{"name":"wp","href":"https:\/\/api.w.org\/{rel}","templated":true}]}}